{"id":13094,"date":"2018-02-09T12:23:37","date_gmt":"2018-02-09T11:23:37","guid":{"rendered":"http:\/\/slaskipegaz.bs.katowice.pl\/?page_id=13094"},"modified":"2020-01-08T09:38:14","modified_gmt":"2020-01-08T08:38:14","slug":"cele-zrownowazonego-rozwoju","status":"publish","type":"page","link":"https:\/\/slaskipegaz.bs.katowice.pl\/?page_id=13094","title":{"rendered":"Agenda 2030"},"content":{"rendered":"<h6 style=\"text-align: center;\">Przydatne \u017ar\u00f3d\u0142a i przyk\u0142ady dzia\u0142a\u0144 bibliotek w ramach promocji Agendy 2030<\/h6>\n<p><img loading=\"lazy\" decoding=\"async\" class=\"size-medium wp-image-13008 alignleft\" src=\"https:\/\/slaskipegaz.bs.katowice.pl\/wp-content\/uploads\/2018\/01\/logo-v-300x108.jpg\" sizes=\"auto, (max-width: 300px) 100vw, 300px\" srcset=\"https:\/\/slaskipegaz.bs.katowice.pl\/wp-content\/uploads\/2018\/01\/logo-v-300x108.jpg 300w, https:\/\/slaskipegaz.bs.katowice.pl\/wp-content\/uploads\/2018\/01\/logo-v-768x275.jpg 768w, https:\/\/slaskipegaz.bs.katowice.pl\/wp-content\/uploads\/2018\/01\/logo-v-1024x367.jpg 1024w, https:\/\/slaskipegaz.bs.katowice.pl\/wp-content\/uploads\/2018\/01\/logo-v.jpg 1054w\" alt=\"cele\" width=\"300\" height=\"108\" \/><\/p>\n<p>Biblioteki publiczne woj. \u015bl\u0105skiego podejmuj\u0105 si\u0119 dzia\u0142a\u0144 promuj\u0105cych Cele Zr\u00f3wnowa\u017conego Rozwoju w swojej dzia\u0142alno\u015bci i plac\u00f3wkach. Zach\u0119camy \u00a0do zapoznania si\u0119 z przyk\u0142adami i wykorzystywania bezp\u0142atnych materia\u0142\u00f3w z zakresu edukacji globalnej. Poni\u017cej przedstawiamy \u017ar\u00f3d\u0142a przydatne w organizacji spotka\u0144, lekcji bibliotecznych czy wydarze\u0144 nawi\u0105zuj\u0105cych do Agendy 2030!<span id=\"more-12835\"><\/span><\/p>\n<p>Lista \u017ar\u00f3de\u0142, z kt\u00f3rych mo\u017cna pobra\u0107 materia\u0142y z zakresu edukacji globalnej:<\/p>\n<ul>\n<li><a href=\"http:\/\/igo.org.pl\/kategoria\/edukacja-globalna\/\">Instytut Globalnej Odpowiedzialno\u015bci<\/a><\/li>\n<li><a href=\"https:\/\/glowna.ceo.org.pl\/\">Centrum Edukacji Obywatelskiej CEO<\/a><\/li>\n<li><a href=\"http:\/\/www.ekonsument.pl\/\">Fundacja Kupuj Odpowiedzialnie (ekonsument)\u00a0<\/a><\/li>\n<li><a href=\"http:\/\/www.un.org.pl\/inne-materialy\">O\u015brodek Informacji ONZ w Warszawie<\/a><\/li>\n<li><a href=\"http:\/\/kulczykfoundation.org.pl\/\">Fundacja Kulczyk<\/a><\/li>\n<li><a href=\"http:\/\/zielonasiec.pl\/publikacje\/\">Polska Zielona Sie\u0107\u00a0<\/a><\/li>\n<li dir=\"auto\"><a href=\"http:\/\/www.womkat.edu.pl\/\">Regionalny O\u015brodek Doskonalenia Nauczycieli \u201eWOM\u201d w Katowicach<\/a><\/li>\n<li><a href=\"http:\/\/www.ore.edu.pl\/\">O\u015brodek Rozwoju Edukacji<\/a><\/li>\n<li><a href=\"https:\/\/edukacjaglobalna.ore.edu.pl\/\">Edukacja Globalna ORE<\/a><\/li>\n<li><a href=\"http:\/\/teg.edu.pl\/category\/publikacje\">Tydzie\u0144 Edukacji Globalnej<\/a><\/li>\n<li><a href=\"https:\/\/www.canon.pl\/tomytworzymyswiat\/#sdg\">Projekt\u00a0\u201eTo my tworzymy \u015bwiat\u201d firmy Canon\u00a0<\/a><\/li>\n<li>Forum Odpowiedzialnego Biznesu:\n<ul>\n<li><a href=\"http:\/\/odpowiedzialnybiznes.pl\/publikacje\/e-book-hackathony-csr\/\">e-book\u00a0<\/a>\u201e<a href=\"http:\/\/odpowiedzialnybiznes.pl\/publikacje\/e-book-hackathony-csr\/\">Hackathony CSR\u201d<\/a><\/li>\n<li><a href=\"http:\/\/odpowiedzialnybiznes.pl\/aktualno%C5%9Bci\/zagraj-poznaj-cele-zrownowazonego-rozwoju\/\">gra planszowa GoGoals<\/a><\/li>\n<li><a href=\"http:\/\/odpowiedzialnybiznes.pl\/aktualno%C5%9Bci\/mapa-dobrych-praktyk-wspierajacych-realizacje-sdgs\/\">mapa dobrych praktyk<\/a><\/li>\n<\/ul>\n<\/li>\n<li>Ministerstwo Rozwoju\n<ul>\n<li><a href=\"http:\/\/www.miir.gov.pl\/strony\/zadania\/polityka-rozwoju-kraju\/agenda-2030\/\">strona o Agendzie 2030<\/a><\/li>\n<li><a href=\"http:\/\/www.mpit.gov.pl\/media\/41336\/1003_05_17_mr_broszura_onz_net.pdf\">Agenda 2030 na rzecz zr\u00f3wnowa\u017conego rozwoju\u00a0\u2013 implementacja w Polsce (broszurka)<\/a><\/li>\n<\/ul>\n<\/li>\n<li><a href=\"http:\/\/www.fairtrade.org.pl\/aktualnosc\/wieczor-z-fair-trade-w-katowicach\/\"><em>Fair Trade Fil Festival<\/em>\u00a0\u2013 festiwal film\u00f3w o tematyce wolnego handlu<\/a>\u00a0(Kino Kosmos w Katowicach)<\/li>\n<li><a href=\"https:\/\/www.youtube.com\/watch?v=F-TgBtnAoKQ&amp;t=1s\">Film z VII Gry Miejskiej Fair Train 2018<\/a><\/li>\n<li>Przewodnik ratowania \u015bwiata dla leniwych:\n<ul>\n<li><a href=\"http:\/\/www.un.org\/sustainabledevelopment\/takeaction\/\">wersja w j. angielskim<\/a><\/li>\n<li><a href=\"http:\/\/www.un.org.pl\/files\/64\/Kampania%20Ratowanie%20%C5%9Bwiata%20-%20przewodnik%20dla%20leniwych.pdf\">wersja w j. polskim<\/a><\/li>\n<\/ul>\n<\/li>\n<li><a href=\"http:\/\/www.biblioteki.org\/aktualnosci0\/Globalnie_w_bibliotekach_zarejestruj_swoja_biblioteke.html\">Globalnie w bibliotekach &#8211; projekt FRSI i PAH<\/a><\/li>\n<li><a href=\"http:\/\/www.un.org.pl\/who\">\u015awiatowa Organizacja Zdrowia WHO: materia\u0142y <\/a><\/li>\n<li><a href=\"https:\/\/www.youtube.com\/channel\/UC5O114-PQNYkurlTg6hekZw\">Kana\u0142 ONZ na youtube: filmy edukacyjne<\/a><\/li>\n<li><a href=\"https:\/\/www.ifla.org\/files\/assets\/hq\/topics\/libraries-development\/documents\/sdg-storytelling-manual.pdf\"><em>Libraries and the Sustainable Development Goals. A storytelling manual\u00a0<\/em>\/ oprac. IFLA<\/a><\/li>\n<li><a href=\"http:\/\/www.un.org.pl\/biblioteki-publiczne-w-wojewodztwie-slaskim\">Zak\u0142adka &#8222;Biblioteki publiczne wojew\u00f3dztwa \u015bl\u0105skiego&#8221; na platformie UNIC Polska<\/a><\/li>\n<li><a href=\"https:\/\/stat.gov.pl\/en\/sustainable-development\/publications\/\">G\u0142\u00f3wny Urz\u0105d Statystyczny GUS: publikacje<\/a><\/li>\n<li><a href=\"https:\/\/katowice.stat.gov.pl\/infografiki\/infografiki-aktualne\/swiatowy-dzien-dzialania-na-rzecz-celow-zrownowazonego-rozwoju-infografika,126,1.html\">Ikonografika o Celach Zr\u00f3wnowa\u017conego Rozwoju: GUS w Katowicach<\/a><\/li>\n<li><a href=\"https:\/\/www.nik.gov.pl\/aktualnosci\/przeksztalcamy-nasz-swiat-dla-zrownowazonego-rozwoju.html\">Najwy\u017csza Izba Kontroli: informacja o realizacji Cel\u00f3w Zr\u00f3wnowa\u017conego Rozwoju<\/a><\/li>\n<li><a href=\"https:\/\/www.nik.gov.pl\/plik\/id,17194,vp,19761.pdf\">Raport NIK dotycz\u0105cy przygotowania Polski do realizacji SDG<\/a><\/li>\n<li><a href=\"https:\/\/education.microsoft.com\/courses-and-resources\/courses\/SDG\">Szkolenia o Celach Zr\u00f3wnowa\u017conego Rozwoju &#8211; platforma Microsoft<\/a><\/li>\n<li><a href=\"http:\/\/worldslargestlesson.globalgoals.org\/\">Platforma UNICEF i UNESCO o SDG<\/a><\/li>\n<li><a href=\"https:\/\/www.participate.com\/marketplace\">Kursy online na platformie Participate<\/a><\/li>\n<li><a href=\"https:\/\/www.youtube.com\/channel\/UCRfuAYy7MesZmgOi1Ezy0ng\">Konto The Global Goals w serwisie Youtube: filmiki wyja\u015bniaj\u0105ce SDG<\/a><\/li>\n<li><a href=\"https:\/\/empatico.org\/\">Platforma\u00a0<em>Empatico.org \u00a0<\/em>umo\u017cliwiaj\u0105ca \u00a0prowadzenie spotka\u0144 online<\/a><\/li>\n<li><a href=\"http:\/\/www.teachsdgs.org\/\">Platforma Teach SDGs<\/a><\/li>\n<\/ul>\n<p>Nagranie webinarium\u00a0<em>SDG w ameryka\u0144skich bibliotekach<\/em> zorganizowane przez Ameryka\u0144skie Stowarzyszenie Bibliotekarzy ALA:\u00a0https:\/\/ala.adobeconnect.com\/_a1087453682\/pxmsvh6fctu1\/?launcher=false&amp;fcsContent=true&amp;pbMode=normal<\/p>\n<p style=\"text-align: center;\"><strong>Biblioteki publiczne woj. \u015bl\u0105skiego wspieraj\u0105ce Cele Zr\u00f3wnowa\u017conego Rozwoju<\/strong>:<\/p>\n<ul>\n<li><a href=\"http:\/\/www.biblrac.pl\/pl\/site\/start.html\">Miejska i Powiatowa Biblioteka Publiczna w Raciborzu \u2013 strona internetowa<\/a>\n<ul>\n<li><a href=\"https:\/\/www.facebook.com\/biblrac\/\">Fanpage<\/a><\/li>\n<\/ul>\n<\/li>\n<\/ul>\n<p><a href=\"http:\/\/www.biblrac.pl\/pl\/site\/start.html\"><img loading=\"lazy\" decoding=\"async\" class=\"size-medium wp-image-13080 aligncenter\" src=\"https:\/\/slaskipegaz.bs.katowice.pl\/wp-content\/uploads\/2018\/02\/www2-208x300.jpg\" sizes=\"auto, (max-width: 208px) 100vw, 208px\" srcset=\"https:\/\/slaskipegaz.bs.katowice.pl\/wp-content\/uploads\/2018\/02\/www2-208x300.jpg 208w, https:\/\/slaskipegaz.bs.katowice.pl\/wp-content\/uploads\/2018\/02\/www2.jpg 478w\" alt=\"racib\u00f3rz\" width=\"208\" height=\"300\" \/><\/a><\/p>\n<p><a href=\"http:\/\/www.biblrac.pl\/pl\/site\/index\/80-aktualnosci\/news\/245-cele-zrownowazonego-rozwoju-w-raciborskiej-bibliotece.html\"><img loading=\"lazy\" decoding=\"async\" class=\"aligncenter size-medium wp-image-13081\" src=\"https:\/\/slaskipegaz.bs.katowice.pl\/wp-content\/uploads\/2018\/02\/ww3-300x278.jpg\" sizes=\"auto, (max-width: 300px) 100vw, 300px\" srcset=\"https:\/\/slaskipegaz.bs.katowice.pl\/wp-content\/uploads\/2018\/02\/ww3-300x278.jpg 300w, https:\/\/slaskipegaz.bs.katowice.pl\/wp-content\/uploads\/2018\/02\/ww3-768x711.jpg 768w, https:\/\/slaskipegaz.bs.katowice.pl\/wp-content\/uploads\/2018\/02\/ww3.jpg 833w\" alt=\"strona\" width=\"300\" height=\"278\" \/><\/a><\/p>\n<ul>\n<li><a href=\"http:\/\/www.biblioteka.piekary.pl\/n,biblioteka-na-rzecz-zrownowazonego-rozwoju\">Miejska Biblioteka Publiczna w Piekarach \u015al\u0105skich \u2013 strona internetowa<\/a><\/li>\n<\/ul>\n<p><a href=\"http:\/\/www.biblioteka.piekary.pl\/n,biblioteka-na-rzecz-zrownowazonego-rozwoju\"><img loading=\"lazy\" decoding=\"async\" class=\"aligncenter size-medium wp-image-13079\" src=\"https:\/\/slaskipegaz.bs.katowice.pl\/wp-content\/uploads\/2018\/02\/www-294x300.jpg\" sizes=\"auto, (max-width: 294px) 100vw, 294px\" srcset=\"https:\/\/slaskipegaz.bs.katowice.pl\/wp-content\/uploads\/2018\/02\/www-294x300.jpg 294w, https:\/\/slaskipegaz.bs.katowice.pl\/wp-content\/uploads\/2018\/02\/www.jpg 748w\" alt=\"strona\" width=\"294\" height=\"300\" \/><\/a><\/p>\n<ul>\n<li><a href=\"http:\/\/www.biblioteka.bedzin.pl\/\">Miejska i Powiatowa Biblioteka Publiczna w B\u0119dzinie<\/a>\n<ul>\n<li><a href=\"https:\/\/www.facebook.com\/Miejska-i-Powiatowa-Biblioteka-Publiczna-w-B%C4%99dzinie-im-Stefana-%C5%BBeromskiego-124005290972034\/\">Fanpage<\/a><\/li>\n<\/ul>\n<\/li>\n<\/ul>\n<p><a href=\"https:\/\/www.facebook.com\/124005290972034\/photos\/a.124907947548435.9844.124005290972034\/1666651600040721\/?type=3&amp;theater\"><img loading=\"lazy\" decoding=\"async\" class=\"aligncenter size-medium wp-image-13070\" src=\"https:\/\/slaskipegaz.bs.katowice.pl\/wp-content\/uploads\/2018\/02\/plakat_B%C4%99dzin-300x217.jpg\" sizes=\"auto, (max-width: 300px) 100vw, 300px\" srcset=\"https:\/\/slaskipegaz.bs.katowice.pl\/wp-content\/uploads\/2018\/02\/plakat_B\u0119dzin-300x217.jpg 300w, https:\/\/slaskipegaz.bs.katowice.pl\/wp-content\/uploads\/2018\/02\/plakat_B\u0119dzin-768x556.jpg 768w, https:\/\/slaskipegaz.bs.katowice.pl\/wp-content\/uploads\/2018\/02\/plakat_B\u0119dzin-1024x741.jpg 1024w\" alt=\"plakat\" width=\"300\" height=\"217\" \/><\/a><\/p>\n<ul>\n<li><a href=\"http:\/\/bs.katowice.pl\/\">Biblioteka \u015al\u0105ska w Katowicach<\/a>\n<ul>\n<li><a href=\"http:\/\/bs.katowice.pl\/pl\/dla_bibliotekarzy\/agenda_2030\">strona internetowa<\/a><\/li>\n<\/ul>\n<\/li>\n<\/ul>\n<p><iframe loading=\"lazy\" title=\"\u201eRzecznictwo dla bibliotek: Agenda 2030\u201d - szkolenie w Bibliotece \u015al\u0105skiej\" width=\"604\" height=\"340\" src=\"https:\/\/www.youtube.com\/embed\/vdUn9F_wSMQ?feature=oembed\" frameborder=\"0\" allow=\"accelerometer; autoplay; clipboard-write; encrypted-media; gyroscope; picture-in-picture; web-share\" referrerpolicy=\"strict-origin-when-cross-origin\" allowfullscreen><\/iframe><\/p>\n<ul>\n<li>Miejska Biblioteka Publiczna w \u017borach\n<ul>\n<li><a href=\"https:\/\/www.facebook.com\/mbpzory\/\">Fanpage<\/a><\/li>\n<li><a href=\"http:\/\/www.mbpzory.pl\/n,realizujemy-cele-zrownowazonego-rozwoju-onz\">strona internetowa<\/a><\/li>\n<\/ul>\n<\/li>\n<\/ul>\n<p><a href=\"http:\/\/www.mbpzory.pl\/n,realizujemy-cele-zrownowazonego-rozwoju-onz\"><img loading=\"lazy\" decoding=\"async\" class=\"aligncenter size-medium wp-image-13490\" src=\"https:\/\/slaskipegaz.bs.katowice.pl\/wp-content\/uploads\/2018\/04\/www-\u017bory-292x300.jpg\" alt=\"strona\" width=\"292\" height=\"300\" srcset=\"https:\/\/slaskipegaz.bs.katowice.pl\/wp-content\/uploads\/2018\/04\/www-\u017bory-292x300.jpg 292w, https:\/\/slaskipegaz.bs.katowice.pl\/wp-content\/uploads\/2018\/04\/www-\u017bory.jpg 708w\" sizes=\"auto, (max-width: 292px) 100vw, 292px\" \/><\/a><\/p>\n<p><a href=\"https:\/\/slaskipegaz.bs.katowice.pl\/wp-content\/uploads\/2018\/04\/projekt.jpg\"><img loading=\"lazy\" decoding=\"async\" class=\"aligncenter size-medium wp-image-13492\" src=\"https:\/\/slaskipegaz.bs.katowice.pl\/wp-content\/uploads\/2018\/04\/projekt-300x191.jpg\" alt=\"tekst\" width=\"300\" height=\"191\" srcset=\"https:\/\/slaskipegaz.bs.katowice.pl\/wp-content\/uploads\/2018\/04\/projekt-300x191.jpg 300w, https:\/\/slaskipegaz.bs.katowice.pl\/wp-content\/uploads\/2018\/04\/projekt.jpg 654w\" sizes=\"auto, (max-width: 300px) 100vw, 300px\" \/><\/a><\/p>\n<ul>\n<li>Miejska Biblioteka Publiczna w Katowicach\n<ul>\n<li><a href=\"https:\/\/mbp.katowice.pl\/agenda-2030\">\u00a0strona internetowa<\/a><\/li>\n<\/ul>\n<\/li>\n<\/ul>\n<p><a href=\"https:\/\/slaskipegaz.bs.katowice.pl\/wp-content\/uploads\/2018\/07\/mbp-Kce.jpg\"><img loading=\"lazy\" decoding=\"async\" class=\"aligncenter wp-image-14102 size-medium\" src=\"https:\/\/slaskipegaz.bs.katowice.pl\/wp-content\/uploads\/2018\/07\/mbp-Kce-300x233.jpg\" alt=\"sdg\" width=\"300\" height=\"233\" srcset=\"https:\/\/slaskipegaz.bs.katowice.pl\/wp-content\/uploads\/2018\/07\/mbp-Kce-300x233.jpg 300w, https:\/\/slaskipegaz.bs.katowice.pl\/wp-content\/uploads\/2018\/07\/mbp-Kce-768x597.jpg 768w, https:\/\/slaskipegaz.bs.katowice.pl\/wp-content\/uploads\/2018\/07\/mbp-Kce.jpg 989w\" sizes=\"auto, (max-width: 300px) 100vw, 300px\" \/><\/a><\/p>\n<ul>\n<li>Miejska Biblioteka Publiczna w Siemianowicach \u015al\u0105skich\n<ul>\n<li><a href=\"http:\/\/mbp.czechowice-dziedzice.pl\/agenda-2030\/\">strona internetowa<\/a><\/li>\n<\/ul>\n<\/li>\n<\/ul>\n<p><a href=\"https:\/\/slaskipegaz.bs.katowice.pl\/wp-content\/uploads\/2018\/07\/mbp-Siemianowice.jpg\"><img loading=\"lazy\" decoding=\"async\" class=\"aligncenter size-medium wp-image-14103\" src=\"https:\/\/slaskipegaz.bs.katowice.pl\/wp-content\/uploads\/2018\/07\/mbp-Siemianowice-192x300.jpg\" alt=\"Agenda\" width=\"192\" height=\"300\" srcset=\"https:\/\/slaskipegaz.bs.katowice.pl\/wp-content\/uploads\/2018\/07\/mbp-Siemianowice-192x300.jpg 192w, https:\/\/slaskipegaz.bs.katowice.pl\/wp-content\/uploads\/2018\/07\/mbp-Siemianowice.jpg 496w\" sizes=\"auto, (max-width: 192px) 100vw, 192px\" \/><\/a><\/p>\n<ul>\n<li>Miejska Biblioteka Publiczna w Czechowicach-Dziedzicach\n<ul>\n<li><a href=\"http:\/\/mbp.czechowice-dziedzice.pl\/agenda-2030\/\">strona internetowa<\/a><\/li>\n<\/ul>\n<\/li>\n<\/ul>\n<p><em><a href=\"https:\/\/slaskipegaz.bs.katowice.pl\/wp-content\/uploads\/2018\/07\/czechowice.jpg\"><img loading=\"lazy\" decoding=\"async\" class=\"aligncenter size-medium wp-image-14104\" src=\"https:\/\/slaskipegaz.bs.katowice.pl\/wp-content\/uploads\/2018\/07\/czechowice-300x274.jpg\" alt=\"agenda\" width=\"300\" height=\"274\" srcset=\"https:\/\/slaskipegaz.bs.katowice.pl\/wp-content\/uploads\/2018\/07\/czechowice-300x274.jpg 300w, https:\/\/slaskipegaz.bs.katowice.pl\/wp-content\/uploads\/2018\/07\/czechowice-768x702.jpg 768w, https:\/\/slaskipegaz.bs.katowice.pl\/wp-content\/uploads\/2018\/07\/czechowice.jpg 845w\" sizes=\"auto, (max-width: 300px) 100vw, 300px\" \/><\/a><\/em><\/p>\n<ul>\n<li>Miejska Biblioteka w Cieszynie\n<ul>\n<li><a href=\"http:\/\/biblioteka.cieszyn.pl\/2018\/07\/19\/5268\/\">strona internetowa<\/a><\/li>\n<li><a href=\"https:\/\/www.facebook.com\/Biblioteka-Miejska-w-Cieszynie-117243478349590\/\">fanpage<\/a><\/li>\n<\/ul>\n<\/li>\n<\/ul>\n<p><a href=\"https:\/\/slaskipegaz.bs.katowice.pl\/wp-content\/uploads\/2018\/07\/cieszyn.jpg\"><img loading=\"lazy\" decoding=\"async\" class=\"aligncenter size-medium wp-image-14574\" src=\"https:\/\/slaskipegaz.bs.katowice.pl\/wp-content\/uploads\/2018\/07\/cieszyn-300x261.jpg\" alt=\"cieszyn2\" width=\"300\" height=\"261\" srcset=\"https:\/\/slaskipegaz.bs.katowice.pl\/wp-content\/uploads\/2018\/07\/cieszyn-300x261.jpg 300w, https:\/\/slaskipegaz.bs.katowice.pl\/wp-content\/uploads\/2018\/07\/cieszyn-768x668.jpg 768w, https:\/\/slaskipegaz.bs.katowice.pl\/wp-content\/uploads\/2018\/07\/cieszyn.jpg 828w\" sizes=\"auto, (max-width: 300px) 100vw, 300px\" \/><\/a><\/p>\n<ul>\n<li>Powiatowa i Miejska Biblioteka Publiczna w Rybniku\n<ul>\n<li><a href=\"https:\/\/www.biblioteka.rybnik.pl\/?p=11010&amp;c=0\">strona internetowa<\/a><\/li>\n<\/ul>\n<\/li>\n<\/ul>\n<p><a href=\"https:\/\/slaskipegaz.bs.katowice.pl\/wp-content\/uploads\/2018\/07\/strona.jpg\"><img loading=\"lazy\" decoding=\"async\" class=\"aligncenter size-medium wp-image-14575\" src=\"https:\/\/slaskipegaz.bs.katowice.pl\/wp-content\/uploads\/2018\/07\/strona-300x209.jpg\" alt=\"\" width=\"300\" height=\"209\" srcset=\"https:\/\/slaskipegaz.bs.katowice.pl\/wp-content\/uploads\/2018\/07\/strona-300x209.jpg 300w, https:\/\/slaskipegaz.bs.katowice.pl\/wp-content\/uploads\/2018\/07\/strona-768x534.jpg 768w, https:\/\/slaskipegaz.bs.katowice.pl\/wp-content\/uploads\/2018\/07\/strona.jpg 988w\" sizes=\"auto, (max-width: 300px) 100vw, 300px\" \/><\/a><\/p>\n<p>&nbsp;<\/p>\n<p>Aktualizacja: 23-07-2018<\/p>\n","protected":false},"excerpt":{"rendered":"<p>Przydatne \u017ar\u00f3d\u0142a i przyk\u0142ady dzia\u0142a\u0144 bibliotek w ramach promocji Agendy 2030 Biblioteki publiczne woj. \u015bl\u0105skiego podejmuj\u0105 si\u0119 dzia\u0142a\u0144 promuj\u0105cych Cele Zr\u00f3wnowa\u017conego Rozwoju w swojej dzia\u0142alno\u015bci i plac\u00f3wkach. Zach\u0119camy \u00a0do zapoznania si\u0119 z przyk\u0142adami i wykorzystywania bezp\u0142atnych materia\u0142\u00f3w z zakresu edukacji globalnej. Poni\u017cej przedstawiamy \u017ar\u00f3d\u0142a przydatne w organizacji spotka\u0144, lekcji bibliotecznych czy wydarze\u0144 nawi\u0105zuj\u0105cych do Agendy &hellip; <a href=\"https:\/\/slaskipegaz.bs.katowice.pl\/?page_id=13094\" class=\"more-link\">Czytaj dalej <span class=\"screen-reader-text\">Agenda 2030<\/span> <span class=\"meta-nav\">&rarr;<\/span><\/a><\/p>\n","protected":false},"author":3,"featured_media":0,"parent":0,"menu_order":0,"comment_status":"closed","ping_status":"closed","template":"","meta":{"_acf_changed":false,"_exactmetrics_skip_tracking":false,"_exactmetrics_sitenote_active":false,"_exactmetrics_sitenote_note":"","_exactmetrics_sitenote_category":0,"footnotes":""},"class_list":["post-13094","page","type-page","status-publish","hentry"],"acf":[],"_links":{"self":[{"href":"https:\/\/slaskipegaz.bs.katowice.pl\/index.php?rest_route=\/wp\/v2\/pages\/13094","targetHints":{"allow":["GET"]}}],"collection":[{"href":"https:\/\/slaskipegaz.bs.katowice.pl\/index.php?rest_route=\/wp\/v2\/pages"}],"about":[{"href":"https:\/\/slaskipegaz.bs.katowice.pl\/index.php?rest_route=\/wp\/v2\/types\/page"}],"author":[{"embeddable":true,"href":"https:\/\/slaskipegaz.bs.katowice.pl\/index.php?rest_route=\/wp\/v2\/users\/3"}],"replies":[{"embeddable":true,"href":"https:\/\/slaskipegaz.bs.katowice.pl\/index.php?rest_route=%2Fwp%2Fv2%2Fcomments&post=13094"}],"version-history":[{"count":18,"href":"https:\/\/slaskipegaz.bs.katowice.pl\/index.php?rest_route=\/wp\/v2\/pages\/13094\/revisions"}],"predecessor-version":[{"id":18745,"href":"https:\/\/slaskipegaz.bs.katowice.pl\/index.php?rest_route=\/wp\/v2\/pages\/13094\/revisions\/18745"}],"wp:attachment":[{"href":"https:\/\/slaskipegaz.bs.katowice.pl\/index.php?rest_route=%2Fwp%2Fv2%2Fmedia&parent=13094"}],"curies":[{"name":"wp","href":"https:\/\/api.w.org\/{rel}","templated":true}]}}