{"id":172,"date":"2014-10-03T09:14:29","date_gmt":"2014-10-03T07:14:29","guid":{"rendered":"http:\/\/slaskipegaz.bs.katowice.pl\/?page_id=172"},"modified":"2020-02-12T13:10:49","modified_gmt":"2020-02-12T12:10:49","slug":"o-serwisie","status":"publish","type":"page","link":"https:\/\/slaskipegaz.bs.katowice.pl\/?page_id=172","title":{"rendered":"O serwisie"},"content":{"rendered":"<p>\u015al\u0105ski Pegaz to platforma kierowana do wszystkich, kt\u00f3rym bliska jest tematyka bibliotek, ksi\u0105\u017cek oraz dzia\u0142a\u0144 bibliotecznych, a wi\u0119c przede wszystkim do bibliotekarzy, czytelnik\u00f3w oraz wszystkich zainteresowanych tym, co dzieje si\u0119 w bibliotekach publicznych wojew\u00f3dztwa \u015bl\u0105skiego. Serwis prowadzony jest przez Bibliotek\u0119 \u015al\u0105sk\u0105 w Katowicach oraz (przede wszystkim) wszystkie zaanga\u017cowane biblioteki.<\/p>\n<p>Cz\u0119\u015b\u0107 informacji zamieszczana jest na platformie w obr\u0119bie cyklicznie ukazuj\u0105cych si\u0119 numer\u00f3w \u015al\u0105skiego Pegaza (szczeg\u00f3lnie relacje z wydarze\u0144, opisy dzia\u0142alno\u015bci), niekt\u00f3re za\u015b pojawiaj\u0105 si\u0119 nieregularnie \u2013 poza numerami.<\/p>\n<h5>WSP\u00d3\u0141PRACA<\/h5>\n<p>Z platform\u0105 \u015al\u0105ski Pegaz wsp\u00f3\u0142pracuj\u0105 biblioteki publiczne wojew\u00f3dztwa \u015bl\u0105skiego oraz:<\/p>\n<p><strong>\u015al\u0105skie Towarzystwo Mi\u0142o\u015bnik\u00f3w Ksi\u0105\u017cki i Grafiki<\/strong><\/p>\n<p><a href=\"https:\/\/slaskipegaz.bs.katowice.pl\/wp-content\/uploads\/2014\/12\/logo_stmkig.jpg\"><img loading=\"lazy\" decoding=\"async\" class=\"alignnone size-full wp-image-1325\" src=\"https:\/\/slaskipegaz.bs.katowice.pl\/wp-content\/uploads\/2014\/12\/logo_stmkig.jpg\" alt=\"logo_stmkig\" width=\"100\" height=\"122\" \/><\/a><\/p>\n<p>&nbsp;<\/p>\n<p><strong>Czasopismo Guliwer<\/strong><\/p>\n<p><a href=\"https:\/\/slaskipegaz.bs.katowice.pl\/wp-content\/uploads\/2014\/12\/guliwer.jpg\"><img loading=\"lazy\" decoding=\"async\" class=\"alignnone size-full wp-image-1322\" src=\"https:\/\/slaskipegaz.bs.katowice.pl\/wp-content\/uploads\/2014\/12\/guliwer.jpg\" alt=\"guliwer\" width=\"200\" height=\"86\" \/><\/a><\/p>\n<p>&nbsp;<\/p>\n<p><strong>Mi\u0119dzynarodowa Sie\u0107 Bibliotekarzy (The International Librarians Network) w latach 2014-2016<\/strong><\/p>\n<p><a href=\"https:\/\/slaskipegaz.bs.katowice.pl\/wp-content\/uploads\/2014\/12\/ILN-logo.jpg\"><img loading=\"lazy\" decoding=\"async\" class=\"alignnone size-full wp-image-1323\" src=\"https:\/\/slaskipegaz.bs.katowice.pl\/wp-content\/uploads\/2014\/12\/ILN-logo.jpg\" alt=\"ILN logo\" width=\"238\" height=\"105\" \/><\/a><\/p>\n<p>&nbsp;<\/p>\n<p><strong>Stowarzyszenie Bibliotekarzy Polskich<\/strong><\/p>\n<p><a href=\"https:\/\/slaskipegaz.bs.katowice.pl\/wp-content\/uploads\/2014\/12\/sbp-logo.png\"><img loading=\"lazy\" decoding=\"async\" class=\"alignnone wp-image-1326\" src=\"https:\/\/slaskipegaz.bs.katowice.pl\/wp-content\/uploads\/2014\/12\/sbp-logo.png\" alt=\"sbp logo\" width=\"155\" height=\"155\" srcset=\"https:\/\/slaskipegaz.bs.katowice.pl\/wp-content\/uploads\/2014\/12\/sbp-logo.png 400w, https:\/\/slaskipegaz.bs.katowice.pl\/wp-content\/uploads\/2014\/12\/sbp-logo-150x150.png 150w, https:\/\/slaskipegaz.bs.katowice.pl\/wp-content\/uploads\/2014\/12\/sbp-logo-300x300.png 300w\" sizes=\"auto, (max-width: 155px) 100vw, 155px\" \/><\/a><\/p>\n<p><strong><a href=\"https:\/\/slaskipegaz.bs.katowice.pl\/wp-content\/uploads\/2014\/12\/duszpasterswo-logo1.png\"><img loading=\"lazy\" decoding=\"async\" class=\"alignnone size-full wp-image-1417\" src=\"https:\/\/slaskipegaz.bs.katowice.pl\/wp-content\/uploads\/2014\/12\/duszpasterswo-logo1.png\" alt=\"duszpasterswo logo\" width=\"428\" height=\"74\" srcset=\"https:\/\/slaskipegaz.bs.katowice.pl\/wp-content\/uploads\/2014\/12\/duszpasterswo-logo1.png 428w, https:\/\/slaskipegaz.bs.katowice.pl\/wp-content\/uploads\/2014\/12\/duszpasterswo-logo1-300x51.png 300w\" sizes=\"auto, (max-width: 428px) 100vw, 428px\" \/><\/a><\/strong><\/p>\n","protected":false},"excerpt":{"rendered":"<p>\u015al\u0105ski Pegaz to platforma kierowana do wszystkich, kt\u00f3rym bliska jest tematyka bibliotek, ksi\u0105\u017cek oraz dzia\u0142a\u0144 bibliotecznych, a wi\u0119c przede wszystkim do bibliotekarzy, czytelnik\u00f3w oraz wszystkich zainteresowanych tym, co dzieje si\u0119 w bibliotekach publicznych wojew\u00f3dztwa \u015bl\u0105skiego. Serwis prowadzony jest przez Bibliotek\u0119 \u015al\u0105sk\u0105 w Katowicach oraz (przede wszystkim) wszystkie zaanga\u017cowane biblioteki. Cz\u0119\u015b\u0107 informacji zamieszczana jest na platformie &hellip; <a href=\"https:\/\/slaskipegaz.bs.katowice.pl\/?page_id=172\" class=\"more-link\">Czytaj dalej <span class=\"screen-reader-text\">O serwisie<\/span> <span class=\"meta-nav\">&rarr;<\/span><\/a><\/p>\n","protected":false},"author":2,"featured_media":0,"parent":0,"menu_order":0,"comment_status":"closed","ping_status":"open","template":"","meta":{"_acf_changed":false,"_exactmetrics_skip_tracking":false,"_exactmetrics_sitenote_active":false,"_exactmetrics_sitenote_note":"","_exactmetrics_sitenote_category":0,"footnotes":""},"class_list":["post-172","page","type-page","status-publish","hentry"],"acf":[],"_links":{"self":[{"href":"https:\/\/slaskipegaz.bs.katowice.pl\/index.php?rest_route=\/wp\/v2\/pages\/172","targetHints":{"allow":["GET"]}}],"collection":[{"href":"https:\/\/slaskipegaz.bs.katowice.pl\/index.php?rest_route=\/wp\/v2\/pages"}],"about":[{"href":"https:\/\/slaskipegaz.bs.katowice.pl\/index.php?rest_route=\/wp\/v2\/types\/page"}],"author":[{"embeddable":true,"href":"https:\/\/slaskipegaz.bs.katowice.pl\/index.php?rest_route=\/wp\/v2\/users\/2"}],"replies":[{"embeddable":true,"href":"https:\/\/slaskipegaz.bs.katowice.pl\/index.php?rest_route=%2Fwp%2Fv2%2Fcomments&post=172"}],"version-history":[{"count":6,"href":"https:\/\/slaskipegaz.bs.katowice.pl\/index.php?rest_route=\/wp\/v2\/pages\/172\/revisions"}],"predecessor-version":[{"id":18975,"href":"https:\/\/slaskipegaz.bs.katowice.pl\/index.php?rest_route=\/wp\/v2\/pages\/172\/revisions\/18975"}],"wp:attachment":[{"href":"https:\/\/slaskipegaz.bs.katowice.pl\/index.php?rest_route=%2Fwp%2Fv2%2Fmedia&parent=172"}],"curies":[{"name":"wp","href":"https:\/\/api.w.org\/{rel}","templated":true}]}}