{"id":18966,"date":"2020-02-12T08:35:42","date_gmt":"2020-02-12T07:35:42","guid":{"rendered":"http:\/\/slaskipegaz.bs.katowice.pl\/?page_id=18966"},"modified":"2020-02-12T14:00:58","modified_gmt":"2020-02-12T13:00:58","slug":"newsletter","status":"publish","type":"page","link":"https:\/\/slaskipegaz.bs.katowice.pl\/?page_id=18966","title":{"rendered":"Newsletter"},"content":{"rendered":"<p><div class=\"tnp tnp-subscription \">\n<form method=\"post\" action=\"https:\/\/slaskipegaz.bs.katowice.pl\/wp-admin\/admin-ajax.php?action=tnp&amp;na=s\">\n<input type=\"hidden\" name=\"nlang\" value=\"\">\n<div class=\"tnp-field tnp-field-email\"><label for=\"tnp-1\">Email<\/label>\n<input class=\"tnp-email\" type=\"email\" name=\"ne\" id=\"tnp-1\" value=\"\" placeholder=\"\" required><\/div>\n<div class=\"tnp-field tnp-privacy-field\"><label><input type=\"checkbox\" name=\"ny\" required class=\"tnp-privacy\"> <a target=\"_blank\" href=\"https:\/\/www.bs.katowice.pl\/pl\/o_bibliotece\/politykap_odo\"> zgoda na przetwarzanie danych osobowych<\/a><\/label><\/div><div class=\"tnp-field tnp-field-button\" style=\"text-align: left\"><input class=\"tnp-submit\" type=\"submit\" value=\"Zapisz si\u0119\" style=\"\">\n<\/div>\n<\/form>\n<\/div>\n<\/p>\r\n<p><span style=\"font-family: Times New Roman, Times, serif;\">Potwierdzaj\u0105c zapisanie si\u0119 do Newslettera serwisu internetowego \u015al\u0105ski Pegaz i klikaj\u0105c na <b>przycisk zgoda<\/b> <b>na przetwarzanie danych osobowych<\/b> wyra\u017ca Pani\/Pan zgod\u0119 na przetwarzanie swoich danych osobowych (adresu e-mail) przez Bibliotek\u0119 \u015al\u0105sk\u0105 (pl. Rady Europy 1, 40 \u2013 021 Katowice) w\u00a0celu korzystania z us\u0142ugi Newsletter. Powy\u017csza zgoda oznacza, \u017ce zosta\u0142a wyra\u017cona dobrowolnie, konkretnie, \u015bwiadomie i stanowi jednoznaczne okazanie Pani\/Pana woli. Wi\u0119cej informacji dotycz\u0105cych przetwarzania danych osobowych\u00a0 (w tym obowi\u0105zek informacyjny zgodnie z art. 13 ust. 1 i 2 rozporz\u0105dzenia RODO) znajduje si\u0119 w <b><a href=\"http:\/\/slaskipegaz.bs.katowice.pl\/?page_id=2635\">Regulaminie us\u0142ugi Newsletter serwisu internetowego \u015al\u0105ski Pegaz<\/a>.<\/b><\/span><\/p>\n<p>&nbsp;<\/p>\n","protected":false},"excerpt":{"rendered":"<p>&nbsp;<\/p>\n","protected":false},"author":3,"featured_media":0,"parent":0,"menu_order":0,"comment_status":"closed","ping_status":"closed","template":"","meta":{"_acf_changed":false,"_exactmetrics_skip_tracking":false,"_exactmetrics_sitenote_active":false,"_exactmetrics_sitenote_note":"","_exactmetrics_sitenote_category":0,"footnotes":""},"class_list":["post-18966","page","type-page","status-publish","hentry"],"acf":[],"_links":{"self":[{"href":"https:\/\/slaskipegaz.bs.katowice.pl\/index.php?rest_route=\/wp\/v2\/pages\/18966","targetHints":{"allow":["GET"]}}],"collection":[{"href":"https:\/\/slaskipegaz.bs.katowice.pl\/index.php?rest_route=\/wp\/v2\/pages"}],"about":[{"href":"https:\/\/slaskipegaz.bs.katowice.pl\/index.php?rest_route=\/wp\/v2\/types\/page"}],"author":[{"embeddable":true,"href":"https:\/\/slaskipegaz.bs.katowice.pl\/index.php?rest_route=\/wp\/v2\/users\/3"}],"replies":[{"embeddable":true,"href":"https:\/\/slaskipegaz.bs.katowice.pl\/index.php?rest_route=%2Fwp%2Fv2%2Fcomments&post=18966"}],"version-history":[{"count":3,"href":"https:\/\/slaskipegaz.bs.katowice.pl\/index.php?rest_route=\/wp\/v2\/pages\/18966\/revisions"}],"predecessor-version":[{"id":22083,"href":"https:\/\/slaskipegaz.bs.katowice.pl\/index.php?rest_route=\/wp\/v2\/pages\/18966\/revisions\/22083"}],"wp:attachment":[{"href":"https:\/\/slaskipegaz.bs.katowice.pl\/index.php?rest_route=%2Fwp%2Fv2%2Fmedia&parent=18966"}],"curies":[{"name":"wp","href":"https:\/\/api.w.org\/{rel}","templated":true}]}}