{"id":2635,"date":"2015-04-07T10:50:11","date_gmt":"2015-04-07T08:50:11","guid":{"rendered":"http:\/\/slaskipegaz.bs.katowice.pl\/?page_id=2635"},"modified":"2026-01-07T09:09:23","modified_gmt":"2026-01-07T08:09:23","slug":"cookie-policy-2","status":"publish","type":"page","link":"https:\/\/slaskipegaz.bs.katowice.pl\/?page_id=2635","title":{"rendered":"Polityka prywatno\u015bci"},"content":{"rendered":"<p><strong>Polityka prywatno\u015bci<br \/>\n<\/strong><\/p>\n<p>Informacje o polityce prywatno\u015bci obowi\u0105zuj\u0105cej w Bibliotece \u015al\u0105skiej i w prowadzonych przez ni\u0105 projektach znajduje si\u0119 na stronie: <a href=\"https:\/\/www.bs.katowice.pl\/pl\/o_bibliotece\/politykap_odo\">https:\/\/www.bs.katowice.pl\/pl\/o_bibliotece\/politykap_odo<\/a><\/p>\n<p><strong>Czym s\u0105 pliki cookies?<\/strong><\/p>\n<p>Prawie ka\u017cda strona internetowa wykorzystuje technologi\u0119 plik\u00f3w cookies. Ciasteczka to niewielkie pliki, w kt\u00f3rych zapisywane s\u0105 ustawienia u\u017cytkownika. Wysy\u0142ane s\u0105 one przez serwis internetowy, kt\u00f3ry odwiedzamy, ka\u017cdorazowo kiedy wchodzisz na jego stron\u0119. Cz\u0119\u015b\u0107 z nich mo\u017ce pozosta\u0107 na urz\u0105dzeniu po zamkni\u0119ciu przegl\u0105darki. Przy nast\u0119pnej wizycie z tego samego urz\u0105dzenia, przegl\u0105darka mo\u017ce sprawdzi\u0107, czy w urz\u0105dzeniu zapisany jest odpowiedni plik cookie (tzn. plik zawieraj\u0105cy nazw\u0119 strony) i przes\u0142a\u0107 zawarte w nim dane ponownie do strony, kt\u00f3ra zapisa\u0142a ciasteczko. Dzi\u0119ki temu mo\u017cna rozpozna\u0107, \u017ce dany u\u017cytkownik odwiedzi\u0142 j\u0105 w przesz\u0142o\u015bci, i\u00a0w\u00a0niekt\u00f3rych przypadkach, dopasowa\u0107 prezentowan\u0105 tre\u015b\u0107 do odbiorcy.<\/p>\n<p><strong>Zalety plik\u00f3w cookies<\/strong><\/p>\n<p class=\"news\">Pliki cookies u\u0142atwiaj\u0105 u\u017cytkownikowi korzystanie z wcze\u015bniej odwiedzanych przez niego stron internetowych. Je\u015bli u\u017cytkownik korzysta z tego samego urz\u0105dzenia i przegl\u0105darki co wcze\u015bniej, umo\u017cliwia to zapami\u0119tanie jego preferencji. \u017badne pliki cookies wykorzystywane przez nasz serwis nie gromadz\u0105 informacji umo\u017cliwiaj\u0105cych ustalenie to\u017csamo\u015bci u\u017cytkownika.<\/p>\n<p><strong>Kontrolowanie i usuwanie plik\u00f3w cookies<\/strong><\/p>\n<p>U\u017cytkownik mo\u017ce zmienia\u0107 spos\u00f3b korzystania z plik\u00f3w cookies przez przegl\u0105dark\u0119, w tym blokowa\u0107 lub usun\u0105\u0107 te, kt\u00f3re pochodz\u0105 ze stron internetowych. W tym celu nale\u017cy zmieni\u0107 ustawienia przegl\u0105darki. Wi\u0119kszo\u015b\u0107 przegl\u0105darek oferuje mo\u017cliwo\u015b\u0107 akceptowania lub odrzucania wszystkich plik\u00f3w cookies, akceptowania tylko niekt\u00f3rych rodzaj\u00f3w albo informowania u\u017cytkownika za ka\u017cdym razem, gdy strona internetowa pr\u00f3buje je zapisa\u0107. U\u017cytkownik mo\u017ce r\u00f3wnie\u017c z \u0142atwo\u015bci\u0105 usuwa\u0107 pliki cookies, kt\u00f3re zosta\u0142y ju\u017c zapisane na urz\u0105dzeniu przez przegl\u0105dark\u0119. Zarz\u0105dzanie i usuwanie plik\u00f3w cookies r\u00f3\u017cni si\u0119 w zale\u017cno\u015bci od u\u017cywanej przegl\u0105darki. Dok\u0142adne informacje na ten temat mo\u017cna uzyska\u0107, korzystaj\u0105c z funkcji Pomoc w przegl\u0105darce lub odwiedzaj\u0105c stron\u0119 internetow\u0105 <a href=\"http:\/\/wszystkoociasteczkach.pl\/\" target=\"_blank\" rel=\"noopener\">http:\/\/wszystkoociasteczkach.pl\/<\/a>, na kt\u00f3rej krok po kroku wyja\u015bniono, jak kontrolowa\u0107 i usuwa\u0107 pliki cookies w wi\u0119kszo\u015bci przegl\u0105darek.<\/p>\n<p>Wi\u0119cej informacji tak\u017ce na <a href=\"https:\/\/bs.katowice.pl\/pdf\/Polityka%20prywatnosci.pdf\">stronie Biblioteki \u015al\u0105skiej<\/a>.<\/p>\n<p style=\"text-align: center;\"><strong>Regulamin us\u0142ugi Newsletter serwisu internetowego \u015al\u0105ski Pegaz<\/strong><\/p>\n<ol>\n<li>Regulamin us\u0142ugi Newsletter serwisu internetowego \u015al\u0105ski Pegaz, zwany dalej \u201eRegulaminem\u201d, okre\u015bla zasady korzystania z us\u0142ugi Newsletter, \u015bwiadczonej przez Bibliotek\u0119 \u015al\u0105sk\u0105 w Katowicach, Plac Rady Europy 1, 40-021 Katowice, zwan\u0105 dalej \u201eBibliotek\u0105\u201d.<\/li>\n<li>W ramach us\u0142ugi Newsletter serwisu internetowego \u015al\u0105ski Pegaz, za po\u015brednictwem poczty elektronicznej, Biblioteka wysy\u0142a, na podany przez U\u017cytkownika adres poczty elektronicznej, informacj\u0119 w formie listu elektronicznego (e-mail), zwan\u0105 dalej \u201eNewsletterem\u201d.<\/li>\n<li>Us\u0142uga Newsletter \u015bwiadczona jest nieodp\u0142atnie, przez czas nieokre\u015blony, na podstawie Regulaminu.<\/li>\n<li>Newsletter zawiera informacje o przedsi\u0119wzi\u0119ciach realizowanych przez biblioteki publiczne wojew\u00f3dztwa \u015bl\u0105skiego oraz inne informacje z obszaru kultury. Newsletter mo\u017ce zawiera\u0107 tak\u017ce linki do innych stron internetowych, powi\u0105zanych tematycznie z\u00a0tre\u015bci\u0105 wiadomo\u015bci.<\/li>\n<li>Newsletter wysy\u0142any jest nie cz\u0119\u015bciej ni\u017c 3 razy w miesi\u0105cu.<\/li>\n<li>Warunkiem korzystania z Newslettera jest posiadanie przez U\u017cytkownika komputera lub innego urz\u0105dzenia multimedialnego z dost\u0119pem do sieci Internet oraz posiadanie przez U\u017cytkownika aktywnego konta poczty elektronicznej.<\/li>\n<li>Zam\u00f3wienie us\u0142ugi Newsletter nast\u0119puje poprzez dokonanie przez U\u017cytkownika nast\u0119puj\u0105cych czynno\u015bci rejestracyjnych:<\/li>\n<\/ol>\n<ul>\n<li>podanie adresu poczty elektronicznej (adresu e-mail) U\u017cytkownika w formularzu \u201eNewsletter\u201d na stronie <a href=\"http:\/\/www.slaskipegaz.bs.katowice.pl\">https:\/\/slaskipegaz.bs.katowice.pl<\/a>,<\/li>\n<li>klikni\u0119cie na przycisk \u201eZapisz si\u0119\u201d,<\/li>\n<li>klikni\u0119cie linku aktywacyjnego zamieszczonego w przes\u0142anej przez Bibliotek\u0119 (nadawca: \u015al\u0105ski Pegaz) wiadomo\u015bci elektronicznej oraz zaakceptowanie zgody na przetwarzanie danych osobowych.<\/li>\n<\/ul>\n<ol start=\"8\">\n<li>Poprzez potwierdzenie rejestracji oraz wyra\u017cenie zgody na przetwarzanie danych osobowych przez Bibliotek\u0119, w celu \u015bwiadczenia us\u0142ugi Newsletter u\u017cytkownik akceptuje zapisy niniejszego Regulaminu, przyjmuj\u0105c do wiadomo\u015bci poni\u017cszy tekst:<\/li>\n<\/ol>\n<p>\u201ePotwierdzaj\u0105c zapisanie si\u0119 do Newslettera serwisu internetowego \u015al\u0105ski Pegaz i udzielenie zgody na przetwarzanie danych osobowych wyra\u017ca Pani\/Pan zgod\u0119 na przetwarzanie swoich danych osobowych (adresu e-mail) przez Bibliotek\u0119 \u015al\u0105sk\u0105\u00a0 w Katowicach, z siedzib\u0105 Katowicach, Plac Rady Europy 1 (kod pocztowy 40-021) w celu korzystania z us\u0142ugi Newsletter. Przys\u0142uguje Pani\/u prawo dost\u0119pu do tre\u015bci swoich danych, usuwania oraz ich poprawiania i przenoszenia lub te\u017c ograniczenia przetwarzania. Przys\u0142uguje tak\u017ce Pani\/u prawo do wniesienia sprzeciwu na dalsze przetwarzanie oraz prawo do cofni\u0119cia zgody w dowolnym momencie bez wp\u0142ywu na zgodno\u015b\u0107 z prawem przetwarzania, kt\u00f3rego dokonano na podstawie zgody przed jej cofni\u0119ciem, a tak\u017ce prawo do wniesienia skargi do organu nadzorczego. W sprawach zwi\u0105zanych z danymi osobowymi nale\u017cy kontaktowa\u0107 si\u0119 z inspektorem ochrony danych osobowych: tel. 32 20 83 726, e-mail iodo@bs.katowice.pl. Podanie danych jest dobrowolne, jednak\u017ce niezb\u0119dne do \u015bwiadczenia us\u0142ugi Newsletter\u201d.<\/p>\n<ol start=\"9\">\n<li>Zapisanie si\u0119 do Newslettera spowoduje dodanie podanego przez U\u017cytkownika adresu e-mail do listy mailingowej i wysy\u0142anie przez Bibliotek\u0119 na ten adres Newslettera.<\/li>\n<li>U\u017cytkownik w ka\u017cdej chwili ma mo\u017cliwo\u015b\u0107 samodzielnego usuni\u0119cia swoich danych wprowadzonych w procesie zapisu do Newslettera, poprzez klikni\u0119cie na link \u201e<a href=\"https:\/\/slaskipegaz.bs.katowice.pl\/?na=u&amp;nk=100-ae2ed16b1e&amp;nek=122\">Unsubscribe<\/a>\u201d zawarty w ka\u017cdym wysy\u0142anym Newsletterze. Usuni\u0119cie danych nast\u0119puje w spos\u00f3b automatyczny i jest potwierdzane komunikatem. U\u017cytkownik mo\u017ce r\u00f3wnie\u017c wys\u0142a\u0107 polecenie zmiany lub usuni\u0119cia swoich danych na adres: iodo@bs.katowice.pl. Zmiany dokonywane s\u0105 w mo\u017cliwie najszybszym czasie.<\/li>\n<li>Uwagi zwi\u0105zane z dzia\u0142aniem us\u0142ugi Newsletter mo\u017cna zg\u0142asza\u0107 na adresy: ryszard.latusek@bs.katowice.pl oraz magdalena.gomulka@bs.katowice.pl.<\/li>\n<li>Biblioteka zastrzega sobie uprawnienie do zamkni\u0119cia us\u0142ugi Newsletter, bez podania przyczyn, za uprzednim poinformowaniem U\u017cytkownik\u00f3w.<\/li>\n<li>Biblioteka przetwarza zgromadzone dane osobowe zgodnie z Prawem komunikacji elektronicznej z dnia 12 lipca 2024 r. (t.j. Dz.U. z 2024 r. poz. 1221 z p\u00f3\u017an. zm.), Rozporz\u0105dzeniem Parlamentu Europejskiego i Rady (UE) 2016\/679 z dnia 27 kwietnia 2016 r. w sprawie ochrony os\u00f3b fizycznych w zwi\u0105zku z przetwarzaniem danych osobowych i w sprawie swobodnego przep\u0142ywu takich danych oraz uchylenia dyrektywy 95\/46\/WE (og\u00f3lne rozporz\u0105dzenie o ochronie danych), Dz. U. UE L. 119 z 4 maja 2016 r. wraz ze sprostowaniem z dnia 19.04.2018 r. Administratorem danych osobowych U\u017cytkownik\u00f3w, przekazanych w celu korzystania z us\u0142ugi Newsletter, jest Biblioteka \u015al\u0105ska w Katowicach, Plac Rady Europy 1, 40-021 Katowice. Dane osobowe przetwarzane s\u0105 na podstawie art. 6 ust. 1 lit. a) i b) Rozporz\u0105dzenia Parlamentu Europejskiego i Rady (UE) 2016\/679 z dnia 27 kwietnia 2016 r. (og\u00f3lne rozporz\u0105dzenie o ochronie danych). Biblioteka gromadzi i przetwarza dane U\u017cytkownik\u00f3w w zakresie niezb\u0119dnym do wykonania us\u0142ugi Newsletter. U\u017cytkownik ma prawo dost\u0119pu do tre\u015bci swoich danych osobowych, do ich zmiany lub usuni\u0119cia. Administrator nie udost\u0119pnia powierzonych jej adres\u00f3w poczty elektronicznej osobom trzecim. Dane osobowe U\u017cytkownika nie podlegaj\u0105 zautomatyzowanemu podejmowaniu decyzji, w tym profilowaniu.\u00a0 W zwi\u0105zku z przetwarzaniem przez Bibliotek\u0119 danych osobowych\u00a0 U\u017cytkownikowi przys\u0142uguje\u00a0 prawo do wniesienia skargi do organu nadzorczego (Prezes Urz\u0119du Ochrony Danych Osobowych).<\/li>\n<\/ol>\n<p><a href=\"https:\/\/slaskipegaz.bs.katowice.pl\/wp-content\/uploads\/2019\/10\/RODO_rekrutacja.pdf\">Klauzula informacyjna dotycz\u0105ca szkole\u0144<\/a><\/p>\n","protected":false},"excerpt":{"rendered":"<p>Polityka prywatno\u015bci Informacje o polityce prywatno\u015bci obowi\u0105zuj\u0105cej w Bibliotece \u015al\u0105skiej i w prowadzonych przez ni\u0105 projektach znajduje si\u0119 na stronie: https:\/\/www.bs.katowice.pl\/pl\/o_bibliotece\/politykap_odo Czym s\u0105 pliki cookies? Prawie ka\u017cda strona internetowa wykorzystuje technologi\u0119 plik\u00f3w cookies. Ciasteczka to niewielkie pliki, w kt\u00f3rych zapisywane s\u0105 ustawienia u\u017cytkownika. Wysy\u0142ane s\u0105 one przez serwis internetowy, kt\u00f3ry odwiedzamy, ka\u017cdorazowo kiedy wchodzisz na &hellip; <a href=\"https:\/\/slaskipegaz.bs.katowice.pl\/?page_id=2635\" class=\"more-link\">Czytaj dalej <span class=\"screen-reader-text\">Polityka prywatno\u015bci<\/span> <span class=\"meta-nav\">&rarr;<\/span><\/a><\/p>\n","protected":false},"author":3,"featured_media":0,"parent":0,"menu_order":0,"comment_status":"closed","ping_status":"closed","template":"","meta":{"_acf_changed":false,"_exactmetrics_skip_tracking":false,"_exactmetrics_sitenote_active":false,"_exactmetrics_sitenote_note":"","_exactmetrics_sitenote_category":0,"footnotes":""},"class_list":["post-2635","page","type-page","status-publish","hentry"],"acf":[],"_links":{"self":[{"href":"https:\/\/slaskipegaz.bs.katowice.pl\/index.php?rest_route=\/wp\/v2\/pages\/2635","targetHints":{"allow":["GET"]}}],"collection":[{"href":"https:\/\/slaskipegaz.bs.katowice.pl\/index.php?rest_route=\/wp\/v2\/pages"}],"about":[{"href":"https:\/\/slaskipegaz.bs.katowice.pl\/index.php?rest_route=\/wp\/v2\/types\/page"}],"author":[{"embeddable":true,"href":"https:\/\/slaskipegaz.bs.katowice.pl\/index.php?rest_route=\/wp\/v2\/users\/3"}],"replies":[{"embeddable":true,"href":"https:\/\/slaskipegaz.bs.katowice.pl\/index.php?rest_route=%2Fwp%2Fv2%2Fcomments&post=2635"}],"version-history":[{"count":17,"href":"https:\/\/slaskipegaz.bs.katowice.pl\/index.php?rest_route=\/wp\/v2\/pages\/2635\/revisions"}],"predecessor-version":[{"id":23057,"href":"https:\/\/slaskipegaz.bs.katowice.pl\/index.php?rest_route=\/wp\/v2\/pages\/2635\/revisions\/23057"}],"wp:attachment":[{"href":"https:\/\/slaskipegaz.bs.katowice.pl\/index.php?rest_route=%2Fwp%2Fv2%2Fmedia&parent=2635"}],"curies":[{"name":"wp","href":"https:\/\/api.w.org\/{rel}","templated":true}]}}